{"id":7953,"date":"2025-09-15T08:21:34","date_gmt":"2025-09-15T05:21:34","guid":{"rendered":"https:\/\/blogbjc.bjc.ro\/?page_id=7953"},"modified":"2025-09-15T08:21:35","modified_gmt":"2025-09-15T05:21:35","slug":"politica-de-cookie-uri","status":"publish","type":"page","link":"https:\/\/blogbjc.bjc.ro\/?page_id=7953","title":{"rendered":"Politica de cookie-uri"},"content":{"rendered":"\n<p>Politica de cookie-uri<\/p>\n\n\n\n<p>\u00cen partea inferioar\u0103 a paginii noastre este afi\u0219at un mesaj care v\u0103 avertizeaz\u0103 c\u0103 acest site utilizeaz\u0103 cookie-uri. Acest mesaj va fi afi\u0219at p\u00e2n\u0103 c\u00e2nd accepta\u021bi utilizarea cookie-urilor pe site-ul nostru, f\u0103c\u00e2nd clic pe butonul corespunz\u0103tor.<\/p>\n\n\n\n<p>Cookie-urile \u0219i beneficiile acestora<\/p>\n\n\n\n<p>La fel ca majoritatea site-urilor web, \u0219i pagina noastr\u0103 utilizeaz\u0103 cookie-uri. Cookie-urile sunt ni\u0219te fi\u0219iere text personalizate, care sunt desc\u0103rcate pe computer sau pe telefon atunci c\u00e2nd vizita\u021bi un site.<\/p>\n\n\n\n<p>Cookie-urile folosite de noi au urm\u0103toarele scopuri:<\/p>\n\n\n\n<p>Ajut\u0103 ca pagina noastr\u0103 s\u0103 func\u021bioneze conform a\u0219tept\u0103rilor dvs.;<br>V\u0103 scutesc de repetarea procedurii de logare de fiecare dat\u0103 c\u00e2nd accesa\u021bi site-ul;<br>Re\u021bin set\u0103rile pe care le-a\u021bi efectuat \u00een timpul unei vizite;<br>\u00cembun\u0103t\u0103\u021besc viteza \/ securitatea site-ului;<br>V\u0103 permit s\u0103 partaja\u021bi pagini pe site-urile de social media, cum ar fi Facebook;<br>\u00cembun\u0103t\u0103\u021besc permanent site-ul web \u0219i u\u0219ureaz\u0103 folosirea lui.<\/p>\n\n\n\n<p>Nu folosim cookie-uri \u00een urm\u0103toarele scopuri:<\/p>\n\n\n\n<p>Colectarea oric\u0103rui tip de informa\u021bii de identificare personal\u0103 (f\u0103r\u0103 a cere explicit consim\u021b\u0103m\u00e2ntul dvs.);<br>Colectarea oric\u0103rui tip de informa\u021bii sensibile (f\u0103r\u0103 a cere explicit consim\u021b\u0103m\u00e2ntul dvs.);<br>Transmiterea informa\u021biilor c\u0103tre re\u021belele de publicitate;<br>Transmiterea informa\u021biilor personale unor ter\u021be p\u0103r\u021bi<\/p>\n\n\n\n<p>\u00cen caz c\u0103 accepta\u021bi cookie-urile:<\/p>\n\n\n\n<p>Dac\u0103 browser-ul pe care \u00eel utiliza\u021bi pentru a accesa acest site este setat s\u0103 accepte cookie-uri \u0219i decide\u021bi s\u0103 continua\u021bi utilizarea site-ul nostru, consider\u0103m c\u0103 a\u021bi fost de acord cu utilizarea cookie-urilor. Dac\u0103 nu dori\u021bi s\u0103 utiliza\u021bi cookie-urile, trebuie s\u0103 \u0219ti\u021bi c\u0103 \u00een acest caz este posibil ca site-ul nostru s\u0103 nu mai func\u021bioneze conform a\u0219tept\u0103rilor.<\/p>\n\n\n\n<p>Mai multe despre cookie-urile folosite de noi:<\/p>\n\n\n\n<p>Folosim cookie-urile pentru func\u021bionarea paginii noaste, incluz\u00e2nd urm\u0103toarele:<\/p>\n\n\n\n<p>Pentru a stabili dac\u0103 sunte\u021bi conectat;<br>Pentru a re\u021bine op\u021biunile de c\u0103utare;<br>Pentru a re\u021bine set\u0103rile de limb\u0103.<\/p>\n\n\n\n<p>Cookie-urile folosite de re\u021belele de socializare:<\/p>\n\n\n\n<p>Am inclus butoane de partajare pe site-ul nostru, pentru a v\u0103 permite s\u0103 da\u021bi \u201cLike\u201d sau s\u0103 distribui\u021bi cu u\u0219urin\u021b\u0103 con\u021binutul nostru pe Facebook, Twitter \u0219i alte re\u021bele similare. Implica\u021biile de securitate pentru aceste module cookie pot varia de la o re\u021bea social\u0103 la alta \u0219i vor depinde de set\u0103rile de securitate pe care le-a\u021bi ales pentru aceste re\u021bele.<\/p>\n\n\n\n<p>Cookie-urile pentru statisticile anonime ale utilizatorilor:<\/p>\n\n\n\n<p>A\u0219a-numitele programe \u201canalitice\u201d ne spun, \u00eentr-o manier\u0103 anonim\u0103, cum au accesat utilizatorii site-ul nostru (de pe ce motor de c\u0103utare au ajuns aici), precum \u0219i dac\u0103 ne-au vizitat \u00eenainte, ceea ce ne ajut\u0103 s\u0103 \u00eembun\u0103t\u0103\u021bim \u00een mod permanent calitatea serviciilor noastre.<\/p>\n\n\n\n<p>Dezactivarea \u0219i \u0219tergerea cookie-urilor:<\/p>\n\n\n\n<p>Pute\u021bi s\u0103 dezactiva\u021bi cookie-urile prin ajustarea set\u0103rilor din browser pentru a nu le mai accepta. Proced\u00e2nd astfel, ve\u021bi limita \u00eens\u0103 func\u021bionalitatea site-ului nostru, precum \u0219i func\u021bionarea altor pagini, av\u00e2nd \u00een vedere faptul c\u0103 folosirea cookie-urilor reprezint\u0103 o m\u0103sur\u0103 standard pentru majoritatea site-urilor moderne.<\/p>\n","protected":false},"excerpt":{"rendered":"<p>Politica de cookie-uri \u00cen partea inferioar\u0103 a paginii noastre este afi\u0219at un mesaj care v\u0103 avertizeaz\u0103 c\u0103 acest site utilizeaz\u0103 cookie-uri. Acest mesaj va fi afi\u0219at p\u00e2n\u0103 c\u00e2nd accepta\u021bi utilizarea &hellip; <\/p>\n<div class=\"link-more\"><a href=\"https:\/\/blogbjc.bjc.ro\/?page_id=7953\" class=\"more-link\">Read More<span class=\"screen-reader-text\"> &#8222;Politica de cookie-uri&#8221;<\/span><\/a><\/div>\n","protected":false},"author":1,"featured_media":0,"parent":0,"menu_order":0,"comment_status":"closed","ping_status":"closed","template":"","meta":{"footnotes":""},"class_list":["post-7953","page","type-page","status-publish","hentry"],"_links":{"self":[{"href":"https:\/\/blogbjc.bjc.ro\/index.php?rest_route=\/wp\/v2\/pages\/7953","targetHints":{"allow":["GET"]}}],"collection":[{"href":"https:\/\/blogbjc.bjc.ro\/index.php?rest_route=\/wp\/v2\/pages"}],"about":[{"href":"https:\/\/blogbjc.bjc.ro\/index.php?rest_route=\/wp\/v2\/types\/page"}],"author":[{"embeddable":true,"href":"https:\/\/blogbjc.bjc.ro\/index.php?rest_route=\/wp\/v2\/users\/1"}],"replies":[{"embeddable":true,"href":"https:\/\/blogbjc.bjc.ro\/index.php?rest_route=%2Fwp%2Fv2%2Fcomments&post=7953"}],"version-history":[{"count":1,"href":"https:\/\/blogbjc.bjc.ro\/index.php?rest_route=\/wp\/v2\/pages\/7953\/revisions"}],"predecessor-version":[{"id":7954,"href":"https:\/\/blogbjc.bjc.ro\/index.php?rest_route=\/wp\/v2\/pages\/7953\/revisions\/7954"}],"wp:attachment":[{"href":"https:\/\/blogbjc.bjc.ro\/index.php?rest_route=%2Fwp%2Fv2%2Fmedia&parent=7953"}],"curies":[{"name":"wp","href":"https:\/\/api.w.org\/{rel}","templated":true}]}}